{"id":2465,"date":"2024-07-29T11:11:11","date_gmt":"2024-07-29T09:11:11","guid":{"rendered":"https:\/\/freiraumwende.de\/freiraumwende-agenda\/"},"modified":"2025-09-24T05:55:06","modified_gmt":"2025-09-24T03:55:06","slug":"republic-space","status":"publish","type":"page","link":"https:\/\/republic-space.org\/fr\/republic-space\/","title":{"rendered":"Agenda"},"content":{"rendered":"\n<section class=\"text-block\">\n  <div class=\"container text-block__container\">\n          <div class=\"block-text\"><h1>L&rsquo;agenda RE:PUBLIC SPACE<\/h1>\n<p>Clairement identifi\u00e9 comme \u00e9tant l\u2019un des principaux facteurs du changement climatique d\u2019origine humaine, le milieu b\u00e2ti doit \u00eatre repens\u00e9. Forte de ce constat, la soci\u00e9t\u00e9 civile agit en menant des tentatives de transition dans les domaines de la construction, du climat et des transports. Pour BEGA, entreprise qui s\u2019efforce de concevoir des espaces ext\u00e9rieurs de qualit\u00e9, haut de gamme et durables, il faut aussi un RE:PUBLIC SPACE.  <\/p>\n<h2>Qu&rsquo;entendons-nous par l\u00e0?<\/h2>\n<ul>\n<li>Il nous faut des centres villes r\u00e9silients qui r\u00e9sistent aux \u00e9v\u00e8nements climatiques extr\u00eames et contribuent activement au rafra\u00eechissement des espaces urbains.<\/li>\n<li>Il nous faut des solutions pour une protection responsable de l\u2019environnement afin de pr\u00e9server la faune et la flore.<\/li>\n<li>Il nous faut une durabilit\u00e9 \u00e0 long terme gr\u00e2ce \u00e0 des mat\u00e9riaux robustes qui pr\u00e9servent la valeur de nos produits.<\/li>\n<li>Il nous faut une conception bien-pens\u00e9e et durable au sens noble du terme qui puisse apporter une valeur ajout\u00e9e tant \u00e0 nous qu\u2019aux g\u00e9n\u00e9rations futures.<\/li>\n<li>Et il nous faut \u00e9galement des espaces libres qui soient con\u00e7us pour tous et utilis\u00e9s par tous, notamment parce qu\u2019ils font de plus en plus office de second \u00ab salon \u00bb dans les villes o\u00f9 les \u00e9t\u00e9s sont de plus en plus chauds.<\/li>\n<\/ul>\n<p>BEGA peut fournir des produits et des solutions pour un RE:PUBLIC SPACE r\u00e9ussi. Mais comment concevoir et mettre en pratique les aspects ci-dessus dans leur contexte ? \u00c0 cet \u00e9gard, notre entreprise traditionnelle de Menden s\u2019appuie sur une expertise technique de tr\u00e8s haut niveau. \u00ab \u00catre \u00e0 l\u2019\u00e9coute ! \u00bb, c\u2019est la formule pour aboutir \u00e0 un RE:PUBLIC SPACE, qui combine autant que possible l\u2019am\u00e9nagement urbain et la planification des espaces libres. Pour l\u2019agenda du RE:PUBLIC SPACE, des experts issus des domaines les plus divers de la th\u00e9orie et de la pratique ont \u00e9t\u00e9 sollicit\u00e9s pour identifier les d\u00e9fis et la mani\u00e8re dont ils peuvent \u00eatre relev\u00e9s.   <\/p>\n<p>Neuf postes sur des th\u00e8mes aussi divers que la synchronisation de la ville et de la nature, l\u2019urbanisme f\u00e9ministe en passant par l\u2019imperm\u00e9abilisation des sols ou encore le concept de Superblock \u2013 jusqu\u2019\u00e0 la conception globale du mobilier ext\u00e9rieur : L\u2019agenda RE:PUBLIC SPACE est un condens\u00e9 de 92 pages qui se veut une source d\u2019id\u00e9es et d\u2019inspiration, mais peut aussi servir de recommandation d\u2019action et d\u2019appel au changement.<\/p>\n<p>BEGA se donne pour mission d\u2019accompagner le processus engag\u00e9 tout au long de son parcours. Car c\u2019est avec cette publication que le RE:PUBLIC SPACE a commenc\u00e9. L\u2019objectif \u00e9tait de lancer le mouvement, d\u2019inspirer et d\u2019informer. Les pens\u00e9es ont besoin d\u2019un espace et les nouvelles id\u00e9es doivent pouvoir \u00e9merger.    <\/p>\n<p>Il est n\u00e9anmoins clair que nous n\u2019en sommes qu\u2019au d\u00e9but du RE:PUBLIC SPACE et que le chemin est encore long. Nous vous invitons \u00e0 nous rejoindre dans cette aventure.     <\/p>\n<\/div>\n      <\/div>\n<\/section>\n\n<section class=\"subscribe-block\">\n  <div class=\"container subscribe-block__container\">\n    <div class=\"subscribe-block__inner\">\n      <div class=\"subscribe-block__text\">\n                  <div class=\"heading subscribe-block__heading\">\n            <h2 class=\"heading__title\"><p>COMMANDER GRATUITEMENT<br \/>\nL&rsquo;AGENDA<\/p>\n<\/h2>\n          <\/div>\n        \n                  <div class=\"block-text\"><p>Neuf postes sur des th\u00e8mes aussi divers que la synchronisation de la ville et de la nature, l\u2019urbanisme f\u00e9ministe en passant par l\u2019imperm\u00e9abilisation des sols ou encore le concept de Superblock \u2013 jusqu\u2019\u00e0 la conception globale du mobilier ext\u00e9rieur : L\u2019agenda RE:PUBLIC SPACE est un condens\u00e9 de 92 pages qui se veut une source d\u2019id\u00e9es et d\u2019inspiration, mais peut aussi servir de recommandation d\u2019action et d\u2019appel au changement.<\/p>\n<\/div>\n              <\/div>\n\n              <div class=\"subscribe-block__form-wrapper\">\n<div class=\"wpcf7 no-js\" id=\"wpcf7-f2500-o1\" lang=\"fr-FR\" dir=\"ltr\" data-wpcf7-id=\"2500\">\n<div class=\"screen-reader-response\"><p role=\"status\" aria-live=\"polite\" aria-atomic=\"true\"><\/p> <ul><\/ul><\/div>\n<form action=\"\/fr\/wp-json\/wp\/v2\/pages\/2465#wpcf7-f2500-o1\" method=\"post\" class=\"wpcf7-form init\" aria-label=\"Formulaire de contact\" novalidate=\"novalidate\" data-status=\"init\">\n<fieldset class=\"hidden-fields-container\"><input type=\"hidden\" name=\"_wpcf7\" value=\"2500\" \/><input type=\"hidden\" name=\"_wpcf7_version\" value=\"6.1.5\" \/><input type=\"hidden\" name=\"_wpcf7_locale\" value=\"fr_FR\" \/><input type=\"hidden\" name=\"_wpcf7_unit_tag\" value=\"wpcf7-f2500-o1\" \/><input type=\"hidden\" name=\"_wpcf7_container_post\" value=\"0\" \/><input type=\"hidden\" name=\"_wpcf7_posted_data_hash\" value=\"\" \/>\n<\/fieldset>\n<div class=\"subscribe-block__form\">\n\t<div class=\"subscribe-block__form-group\">\n\t\t<p><span class=\"wpcf7-form-control-wrap\" data-name=\"your-first-name\"><input size=\"40\" maxlength=\"400\" class=\"wpcf7-form-control wpcf7-text wpcf7-validates-as-required subscribe-block__form-field\" aria-required=\"true\" aria-invalid=\"false\" placeholder=\"Vorname*\" value=\"\" type=\"text\" name=\"your-first-name\" \/><\/span><br \/>\n<span class=\"wpcf7-form-control-wrap\" data-name=\"your-last-name\"><input size=\"40\" maxlength=\"400\" class=\"wpcf7-form-control wpcf7-text wpcf7-validates-as-required subscribe-block__form-field\" aria-required=\"true\" aria-invalid=\"false\" placeholder=\"Nachname*\" value=\"\" type=\"text\" name=\"your-last-name\" \/><\/span><br \/>\n<span class=\"wpcf7-form-control-wrap\" data-name=\"your-street\"><input size=\"40\" maxlength=\"400\" class=\"wpcf7-form-control wpcf7-text wpcf7-validates-as-required subscribe-block__form-field\" aria-required=\"true\" aria-invalid=\"false\" placeholder=\"Stra\u00dfe\/Hausnummer*\" value=\"\" type=\"text\" name=\"your-street\" \/><\/span><br \/>\n<span class=\"wpcf7-form-control-wrap\" data-name=\"your-postal-code\"><input size=\"40\" maxlength=\"400\" class=\"wpcf7-form-control wpcf7-text wpcf7-validates-as-required subscribe-block__form-field\" aria-required=\"true\" aria-invalid=\"false\" placeholder=\"PLZ*\" value=\"\" type=\"text\" name=\"your-postal-code\" \/><\/span><br \/>\n<span class=\"wpcf7-form-control-wrap\" data-name=\"your-city\"><input size=\"40\" maxlength=\"400\" class=\"wpcf7-form-control wpcf7-text wpcf7-validates-as-required subscribe-block__form-field\" aria-required=\"true\" aria-invalid=\"false\" placeholder=\"Stadt*\" value=\"\" type=\"text\" name=\"your-city\" \/><\/span><br \/>\n<span class=\"wpcf7-form-control-wrap\" data-name=\"your-country\"><input size=\"40\" maxlength=\"400\" class=\"wpcf7-form-control wpcf7-text wpcf7-validates-as-required subscribe-block__form-field\" aria-required=\"true\" aria-invalid=\"false\" placeholder=\"Land*\" value=\"\" type=\"text\" name=\"your-country\" \/><\/span><br \/>\n<span class=\"wpcf7-form-control-wrap\" data-name=\"your-email\"><input size=\"40\" maxlength=\"400\" class=\"wpcf7-form-control wpcf7-email wpcf7-validates-as-required wpcf7-text wpcf7-validates-as-email subscribe-block__form-field\" aria-required=\"true\" aria-invalid=\"false\" placeholder=\"E-Mail*\" value=\"\" type=\"email\" name=\"your-email\" \/><\/span><br \/>\n<span class=\"wpcf7-form-control-wrap\" data-name=\"agreement\"><span class=\"wpcf7-form-control wpcf7-acceptance\"><span class=\"wpcf7-list-item\"><label><input type=\"checkbox\" name=\"agreement\" value=\"1\" aria-invalid=\"false\" \/><span class=\"wpcf7-list-item-label\">Ich akzeptiere den Datenschutz*<\/span><\/label><\/span><\/span><\/span>\n\t\t<\/p>\n\t<\/div>\n\t<div class=\"subscribe-block__form-submit\">\n\t\t<p><input class=\"wpcf7-form-control wpcf7-submit has-spinner btn btn--primary btn--lg --white-hover\" type=\"submit\" value=\"absenden\" \/>\n\t\t<\/p>\n\t<\/div>\n<\/div><div class=\"wpcf7-response-output\" aria-hidden=\"true\"><\/div>\n<\/form>\n<\/div>\n\n<\/div>\n          <\/div>\n  <\/div>\n<\/section>\n","protected":false},"excerpt":{"rendered":"","protected":false},"author":1,"featured_media":0,"parent":0,"menu_order":0,"comment_status":"closed","ping_status":"closed","template":"","meta":{"_acf_changed":false,"footnotes":""},"class_list":["post-2465","page","type-page","status-publish","hentry"],"acf":[],"yoast_head":"<!-- This site is optimized with the Yoast SEO plugin v27.5 - https:\/\/yoast.com\/product\/yoast-seo-wordpress\/ -->\n<title>RE:PUBLIC SPACE: Comment rendre les villes respectueuses du climat et agr\u00e9ables \u00e0 vivre<\/title>\n<meta name=\"description\" content=\"Dix perspectives pour des villes r\u00e9silientes au changement climatique et des espaces ext\u00e9rieurs durables. D\u00e9couvrez comment nous faisons avancer avec succ\u00e8s la transformation urbaine.\" \/>\n<meta name=\"robots\" content=\"index, follow, max-snippet:-1, max-image-preview:large, max-video-preview:-1\" \/>\n<link rel=\"canonical\" href=\"https:\/\/republic-space.org\/fr\/republic-space\/\" \/>\n<meta property=\"og:locale\" content=\"fr_FR\" \/>\n<meta property=\"og:type\" content=\"article\" \/>\n<meta property=\"og:title\" content=\"RE:PUBLIC SPACE: Comment rendre les villes respectueuses du climat et agr\u00e9ables \u00e0 vivre\" \/>\n<meta property=\"og:description\" content=\"Dix perspectives pour des villes r\u00e9silientes au changement climatique et des espaces ext\u00e9rieurs durables. D\u00e9couvrez comment nous faisons avancer avec succ\u00e8s la transformation urbaine.\" \/>\n<meta property=\"og:url\" content=\"https:\/\/republic-space.org\/fr\/republic-space\/\" \/>\n<meta property=\"og:site_name\" content=\"Freiraumwende\" \/>\n<meta property=\"article:modified_time\" content=\"2025-09-24T03:55:06+00:00\" \/>\n<meta name=\"twitter:card\" content=\"summary_large_image\" \/>\n<script type=\"application\/ld+json\" class=\"yoast-schema-graph\">{\"@context\":\"https:\\\/\\\/schema.org\",\"@graph\":[{\"@type\":\"WebPage\",\"@id\":\"https:\\\/\\\/republic-space.org\\\/fr\\\/republic-space\\\/\",\"url\":\"https:\\\/\\\/republic-space.org\\\/fr\\\/republic-space\\\/\",\"name\":\"RE:PUBLIC SPACE: Comment rendre les villes respectueuses du climat et agr\u00e9ables \u00e0 vivre\",\"isPartOf\":{\"@id\":\"https:\\\/\\\/republic-space.org\\\/fr\\\/#website\"},\"datePublished\":\"2024-07-29T09:11:11+00:00\",\"dateModified\":\"2025-09-24T03:55:06+00:00\",\"description\":\"Dix perspectives pour des villes r\u00e9silientes au changement climatique et des espaces ext\u00e9rieurs durables. D\u00e9couvrez comment nous faisons avancer avec succ\u00e8s la transformation urbaine.\",\"breadcrumb\":{\"@id\":\"https:\\\/\\\/republic-space.org\\\/fr\\\/republic-space\\\/#breadcrumb\"},\"inLanguage\":\"fr-FR\",\"potentialAction\":[{\"@type\":\"ReadAction\",\"target\":[\"https:\\\/\\\/republic-space.org\\\/fr\\\/republic-space\\\/\"]}]},{\"@type\":\"BreadcrumbList\",\"@id\":\"https:\\\/\\\/republic-space.org\\\/fr\\\/republic-space\\\/#breadcrumb\",\"itemListElement\":[{\"@type\":\"ListItem\",\"position\":1,\"name\":\"Home\",\"item\":\"https:\\\/\\\/republic-space.org\\\/fr\\\/\"},{\"@type\":\"ListItem\",\"position\":2,\"name\":\"Agenda\"}]},{\"@type\":\"WebSite\",\"@id\":\"https:\\\/\\\/republic-space.org\\\/fr\\\/#website\",\"url\":\"https:\\\/\\\/republic-space.org\\\/fr\\\/\",\"name\":\"Freiraumwende\",\"description\":\"In vielen urbanen Zentren ist ein kontinuierliches Bev\u00f6lkerungswachstum zu verzeichnen, welches die Verdichtung der st\u00e4dtischen Gebiete vorantreibt.\",\"potentialAction\":[{\"@type\":\"SearchAction\",\"target\":{\"@type\":\"EntryPoint\",\"urlTemplate\":\"https:\\\/\\\/republic-space.org\\\/fr\\\/?s={search_term_string}\"},\"query-input\":{\"@type\":\"PropertyValueSpecification\",\"valueRequired\":true,\"valueName\":\"search_term_string\"}}],\"inLanguage\":\"fr-FR\"}]}<\/script>\n<!-- \/ Yoast SEO plugin. -->","yoast_head_json":{"title":"RE:PUBLIC SPACE: Comment rendre les villes respectueuses du climat et agr\u00e9ables \u00e0 vivre","description":"Dix perspectives pour des villes r\u00e9silientes au changement climatique et des espaces ext\u00e9rieurs durables. D\u00e9couvrez comment nous faisons avancer avec succ\u00e8s la transformation urbaine.","robots":{"index":"index","follow":"follow","max-snippet":"max-snippet:-1","max-image-preview":"max-image-preview:large","max-video-preview":"max-video-preview:-1"},"canonical":"https:\/\/republic-space.org\/fr\/republic-space\/","og_locale":"fr_FR","og_type":"article","og_title":"RE:PUBLIC SPACE: Comment rendre les villes respectueuses du climat et agr\u00e9ables \u00e0 vivre","og_description":"Dix perspectives pour des villes r\u00e9silientes au changement climatique et des espaces ext\u00e9rieurs durables. D\u00e9couvrez comment nous faisons avancer avec succ\u00e8s la transformation urbaine.","og_url":"https:\/\/republic-space.org\/fr\/republic-space\/","og_site_name":"Freiraumwende","article_modified_time":"2025-09-24T03:55:06+00:00","twitter_card":"summary_large_image","schema":{"@context":"https:\/\/schema.org","@graph":[{"@type":"WebPage","@id":"https:\/\/republic-space.org\/fr\/republic-space\/","url":"https:\/\/republic-space.org\/fr\/republic-space\/","name":"RE:PUBLIC SPACE: Comment rendre les villes respectueuses du climat et agr\u00e9ables \u00e0 vivre","isPartOf":{"@id":"https:\/\/republic-space.org\/fr\/#website"},"datePublished":"2024-07-29T09:11:11+00:00","dateModified":"2025-09-24T03:55:06+00:00","description":"Dix perspectives pour des villes r\u00e9silientes au changement climatique et des espaces ext\u00e9rieurs durables. D\u00e9couvrez comment nous faisons avancer avec succ\u00e8s la transformation urbaine.","breadcrumb":{"@id":"https:\/\/republic-space.org\/fr\/republic-space\/#breadcrumb"},"inLanguage":"fr-FR","potentialAction":[{"@type":"ReadAction","target":["https:\/\/republic-space.org\/fr\/republic-space\/"]}]},{"@type":"BreadcrumbList","@id":"https:\/\/republic-space.org\/fr\/republic-space\/#breadcrumb","itemListElement":[{"@type":"ListItem","position":1,"name":"Home","item":"https:\/\/republic-space.org\/fr\/"},{"@type":"ListItem","position":2,"name":"Agenda"}]},{"@type":"WebSite","@id":"https:\/\/republic-space.org\/fr\/#website","url":"https:\/\/republic-space.org\/fr\/","name":"Freiraumwende","description":"In vielen urbanen Zentren ist ein kontinuierliches Bev\u00f6lkerungswachstum zu verzeichnen, welches die Verdichtung der st\u00e4dtischen Gebiete vorantreibt.","potentialAction":[{"@type":"SearchAction","target":{"@type":"EntryPoint","urlTemplate":"https:\/\/republic-space.org\/fr\/?s={search_term_string}"},"query-input":{"@type":"PropertyValueSpecification","valueRequired":true,"valueName":"search_term_string"}}],"inLanguage":"fr-FR"}]}},"_links":{"self":[{"href":"https:\/\/republic-space.org\/fr\/wp-json\/wp\/v2\/pages\/2465","targetHints":{"allow":["GET"]}}],"collection":[{"href":"https:\/\/republic-space.org\/fr\/wp-json\/wp\/v2\/pages"}],"about":[{"href":"https:\/\/republic-space.org\/fr\/wp-json\/wp\/v2\/types\/page"}],"author":[{"embeddable":true,"href":"https:\/\/republic-space.org\/fr\/wp-json\/wp\/v2\/users\/1"}],"replies":[{"embeddable":true,"href":"https:\/\/republic-space.org\/fr\/wp-json\/wp\/v2\/comments?post=2465"}],"version-history":[{"count":9,"href":"https:\/\/republic-space.org\/fr\/wp-json\/wp\/v2\/pages\/2465\/revisions"}],"predecessor-version":[{"id":3518,"href":"https:\/\/republic-space.org\/fr\/wp-json\/wp\/v2\/pages\/2465\/revisions\/3518"}],"wp:attachment":[{"href":"https:\/\/republic-space.org\/fr\/wp-json\/wp\/v2\/media?parent=2465"}],"curies":[{"name":"wp","href":"https:\/\/api.w.org\/{rel}","templated":true}]}}