{"id":2459,"date":"2024-08-02T06:04:36","date_gmt":"2024-08-02T04:04:36","guid":{"rendered":"https:\/\/freiraumwende.de\/impressum\/"},"modified":"2025-09-08T13:40:38","modified_gmt":"2025-09-08T11:40:38","slug":"mentions-legales","status":"publish","type":"page","link":"https:\/\/republic-space.org\/fr\/mentions-legales\/","title":{"rendered":"Mentions l\u00e9gales"},"content":{"rendered":"\n<section class=\"text-block\">\n  <div class=\"container text-block__container\">\n          <div class=\"block-text\"><h1>Mentions l\u00e9gales<\/h1>\n<p>BEGA Gantenbrink-Leuchten KG<br \/>\nBo\u00eete postale 3160 \u00b7 58689 Menden<br \/>\nHennenbusch 1 \u00b7 58708 Menden<\/p>\n<p>+49 2373 966-0<br \/>\n+49 2373 966-216<br \/>\ninfo@bega.de<\/p>\n<p>Registre du commerce d&rsquo;Arnsberg HRA 4630<br \/>\nNum\u00e9ro d&rsquo;identification TVA DE 125566492<\/p>\n<p>Associ\u00e9e habilit\u00e9e \u00e0 repr\u00e9senter la soci\u00e9t\u00e9<br \/>\nBEGA Gantenbrink-Leuchten Verwaltungs GmbH, Menden<br \/>\nRegistre du commerce d&rsquo;Arnsberg HRB 15435<\/p>\n<p>Directeur g\u00e9n\u00e9ral<br \/>\nDipl.-Wirtsch.-Ing. Heinrich Johannes Gantenbrink<br \/>\nM.Sc. International Business Maximilian Helmut Gantenbrink<\/p>\n<h2>Droits d&rsquo;auteur<\/h2>\n<p>Tous les textes, images, animations, graphiques utilis\u00e9s sur ce site web, ainsi que la conception et la mise en page des pages sont prot\u00e9g\u00e9s par le droit d&rsquo;auteur. Toute utilisation, reproduction, duplication et transmission non autoris\u00e9es, en tout ou en partie, feront l&rsquo;objet de poursuites civiles et p\u00e9nales.<\/p>\n<p>\u00a9 BEGA Gantenbrink-Leuchten KG Allemagne \u00b7 2024<\/p>\n<h2>Marques<\/h2>\n<p>La d\u00e9signation BEGA ainsi que les noms de produits utilis\u00e9s sont prot\u00e9g\u00e9s au profit de la soci\u00e9t\u00e9 BEGA Gantenbrink-Leuchten KG.<\/p>\n<p>&nbsp;<\/p>\n<h2>Liens<\/h2>\n<p>Dans la mesure o\u00f9 ce site web renvoie \u00e0 des contenus de tiers par le biais de liens, BEGA n&rsquo;assume aucune responsabilit\u00e9 pour ces contenus.<\/p>\n<h2>R\u00e8glement des litiges<\/h2>\n<p>La Commission europ\u00e9enne met \u00e0 disposition une plateforme de r\u00e8glement en ligne des litiges, accessible \u00e0 l&rsquo;adresse https:\/\/ec.europa.eu\/consumers\/odr\/. La soci\u00e9t\u00e9 BEGA Gantenbrink-Leuchten KG n&rsquo;est pas tenue de participer \u00e0 une proc\u00e9dure de r\u00e8glement des litiges devant un organisme de conciliation des consommateurs et n&rsquo;est pas dispos\u00e9e \u00e0 le faire.<\/p>\n<p>&nbsp;<\/p>\n<h2>Concept &amp; texte\/design: <a href=\"https:\/\/brandrevier.com\/\">BRANDREVIER<\/a><\/h2>\n<h2>Concept\/design &amp; programmation: <a href=\"http:\/\/oneworx.de\">ONEWORX K\u00f6ln<\/a><\/h2>\n<\/div>\n      <\/div>\n<\/section>\n","protected":false},"excerpt":{"rendered":"","protected":false},"author":1,"featured_media":0,"parent":0,"menu_order":0,"comment_status":"closed","ping_status":"closed","template":"","meta":{"_acf_changed":false,"footnotes":""},"class_list":["post-2459","page","type-page","status-publish","hentry"],"acf":[],"yoast_head":"<!-- This site is optimized with the Yoast SEO plugin v27.5 - https:\/\/yoast.com\/product\/yoast-seo-wordpress\/ -->\n<title>Mentions l\u00e9gales et identification du fournisseur<\/title>\n<meta name=\"description\" content=\"Vous trouverez ici toutes les informations juridiques relatives \u00e0 notre site web, y compris les interlocuteurs et les coordonn\u00e9es.\" \/>\n<meta name=\"robots\" content=\"index, follow, max-snippet:-1, max-image-preview:large, max-video-preview:-1\" \/>\n<link rel=\"canonical\" href=\"https:\/\/republic-space.org\/fr\/mentions-legales\/\" \/>\n<meta property=\"og:locale\" content=\"fr_FR\" \/>\n<meta property=\"og:type\" content=\"article\" \/>\n<meta property=\"og:title\" content=\"Mentions l\u00e9gales et identification du fournisseur\" \/>\n<meta property=\"og:description\" content=\"Vous trouverez ici toutes les informations juridiques relatives \u00e0 notre site web, y compris les interlocuteurs et les coordonn\u00e9es.\" \/>\n<meta property=\"og:url\" content=\"https:\/\/republic-space.org\/fr\/mentions-legales\/\" \/>\n<meta property=\"og:site_name\" content=\"Freiraumwende\" \/>\n<meta property=\"article:modified_time\" content=\"2025-09-08T11:40:38+00:00\" \/>\n<meta name=\"twitter:card\" content=\"summary_large_image\" \/>\n<script type=\"application\/ld+json\" class=\"yoast-schema-graph\">{\"@context\":\"https:\\\/\\\/schema.org\",\"@graph\":[{\"@type\":\"WebPage\",\"@id\":\"https:\\\/\\\/republic-space.org\\\/fr\\\/mentions-legales\\\/\",\"url\":\"https:\\\/\\\/republic-space.org\\\/fr\\\/mentions-legales\\\/\",\"name\":\"Mentions l\u00e9gales et identification du fournisseur\",\"isPartOf\":{\"@id\":\"https:\\\/\\\/republic-space.org\\\/fr\\\/#website\"},\"datePublished\":\"2024-08-02T04:04:36+00:00\",\"dateModified\":\"2025-09-08T11:40:38+00:00\",\"description\":\"Vous trouverez ici toutes les informations juridiques relatives \u00e0 notre site web, y compris les interlocuteurs et les coordonn\u00e9es.\",\"breadcrumb\":{\"@id\":\"https:\\\/\\\/republic-space.org\\\/fr\\\/mentions-legales\\\/#breadcrumb\"},\"inLanguage\":\"fr-FR\",\"potentialAction\":[{\"@type\":\"ReadAction\",\"target\":[\"https:\\\/\\\/republic-space.org\\\/fr\\\/mentions-legales\\\/\"]}]},{\"@type\":\"BreadcrumbList\",\"@id\":\"https:\\\/\\\/republic-space.org\\\/fr\\\/mentions-legales\\\/#breadcrumb\",\"itemListElement\":[{\"@type\":\"ListItem\",\"position\":1,\"name\":\"Home\",\"item\":\"https:\\\/\\\/republic-space.org\\\/fr\\\/\"},{\"@type\":\"ListItem\",\"position\":2,\"name\":\"Mentions l\u00e9gales\"}]},{\"@type\":\"WebSite\",\"@id\":\"https:\\\/\\\/republic-space.org\\\/fr\\\/#website\",\"url\":\"https:\\\/\\\/republic-space.org\\\/fr\\\/\",\"name\":\"Freiraumwende\",\"description\":\"In vielen urbanen Zentren ist ein kontinuierliches Bev\u00f6lkerungswachstum zu verzeichnen, welches die Verdichtung der st\u00e4dtischen Gebiete vorantreibt.\",\"potentialAction\":[{\"@type\":\"SearchAction\",\"target\":{\"@type\":\"EntryPoint\",\"urlTemplate\":\"https:\\\/\\\/republic-space.org\\\/fr\\\/?s={search_term_string}\"},\"query-input\":{\"@type\":\"PropertyValueSpecification\",\"valueRequired\":true,\"valueName\":\"search_term_string\"}}],\"inLanguage\":\"fr-FR\"}]}<\/script>\n<!-- \/ Yoast SEO plugin. -->","yoast_head_json":{"title":"Mentions l\u00e9gales et identification du fournisseur","description":"Vous trouverez ici toutes les informations juridiques relatives \u00e0 notre site web, y compris les interlocuteurs et les coordonn\u00e9es.","robots":{"index":"index","follow":"follow","max-snippet":"max-snippet:-1","max-image-preview":"max-image-preview:large","max-video-preview":"max-video-preview:-1"},"canonical":"https:\/\/republic-space.org\/fr\/mentions-legales\/","og_locale":"fr_FR","og_type":"article","og_title":"Mentions l\u00e9gales et identification du fournisseur","og_description":"Vous trouverez ici toutes les informations juridiques relatives \u00e0 notre site web, y compris les interlocuteurs et les coordonn\u00e9es.","og_url":"https:\/\/republic-space.org\/fr\/mentions-legales\/","og_site_name":"Freiraumwende","article_modified_time":"2025-09-08T11:40:38+00:00","twitter_card":"summary_large_image","schema":{"@context":"https:\/\/schema.org","@graph":[{"@type":"WebPage","@id":"https:\/\/republic-space.org\/fr\/mentions-legales\/","url":"https:\/\/republic-space.org\/fr\/mentions-legales\/","name":"Mentions l\u00e9gales et identification du fournisseur","isPartOf":{"@id":"https:\/\/republic-space.org\/fr\/#website"},"datePublished":"2024-08-02T04:04:36+00:00","dateModified":"2025-09-08T11:40:38+00:00","description":"Vous trouverez ici toutes les informations juridiques relatives \u00e0 notre site web, y compris les interlocuteurs et les coordonn\u00e9es.","breadcrumb":{"@id":"https:\/\/republic-space.org\/fr\/mentions-legales\/#breadcrumb"},"inLanguage":"fr-FR","potentialAction":[{"@type":"ReadAction","target":["https:\/\/republic-space.org\/fr\/mentions-legales\/"]}]},{"@type":"BreadcrumbList","@id":"https:\/\/republic-space.org\/fr\/mentions-legales\/#breadcrumb","itemListElement":[{"@type":"ListItem","position":1,"name":"Home","item":"https:\/\/republic-space.org\/fr\/"},{"@type":"ListItem","position":2,"name":"Mentions l\u00e9gales"}]},{"@type":"WebSite","@id":"https:\/\/republic-space.org\/fr\/#website","url":"https:\/\/republic-space.org\/fr\/","name":"Freiraumwende","description":"In vielen urbanen Zentren ist ein kontinuierliches Bev\u00f6lkerungswachstum zu verzeichnen, welches die Verdichtung der st\u00e4dtischen Gebiete vorantreibt.","potentialAction":[{"@type":"SearchAction","target":{"@type":"EntryPoint","urlTemplate":"https:\/\/republic-space.org\/fr\/?s={search_term_string}"},"query-input":{"@type":"PropertyValueSpecification","valueRequired":true,"valueName":"search_term_string"}}],"inLanguage":"fr-FR"}]}},"_links":{"self":[{"href":"https:\/\/republic-space.org\/fr\/wp-json\/wp\/v2\/pages\/2459","targetHints":{"allow":["GET"]}}],"collection":[{"href":"https:\/\/republic-space.org\/fr\/wp-json\/wp\/v2\/pages"}],"about":[{"href":"https:\/\/republic-space.org\/fr\/wp-json\/wp\/v2\/types\/page"}],"author":[{"embeddable":true,"href":"https:\/\/republic-space.org\/fr\/wp-json\/wp\/v2\/users\/1"}],"replies":[{"embeddable":true,"href":"https:\/\/republic-space.org\/fr\/wp-json\/wp\/v2\/comments?post=2459"}],"version-history":[{"count":2,"href":"https:\/\/republic-space.org\/fr\/wp-json\/wp\/v2\/pages\/2459\/revisions"}],"predecessor-version":[{"id":3247,"href":"https:\/\/republic-space.org\/fr\/wp-json\/wp\/v2\/pages\/2459\/revisions\/3247"}],"wp:attachment":[{"href":"https:\/\/republic-space.org\/fr\/wp-json\/wp\/v2\/media?parent=2459"}],"curies":[{"name":"wp","href":"https:\/\/api.w.org\/{rel}","templated":true}]}}